{"id":115,"date":"2014-05-08T10:27:29","date_gmt":"2014-05-08T08:27:29","guid":{"rendered":"http:\/\/www.valzor.hr\/?page_id=115"},"modified":"2015-01-20T22:29:42","modified_gmt":"2015-01-20T21:29:42","slug":"eu-fondovi","status":"publish","type":"page","link":"http:\/\/www.valzor.hr\/?page_id=115","title":{"rendered":"EU FONDOVI"},"content":{"rendered":"<p><a href=\"http:\/\/www.valzor.hr\/?attachment_id=290\" rel=\"attachment wp-att-290\"><img decoding=\"async\" loading=\"lazy\" class=\"alignnone size-medium wp-image-290\" title=\"EU fondovi\" alt=\"\" src=\"http:\/\/www.valzor.hr\/wp-content\/uploads\/2012\/09\/EU-fondovi-300x225.jpg\" width=\"300\" height=\"225\" srcset=\"http:\/\/www.valzor.hr\/wp-content\/uploads\/2012\/09\/EU-fondovi-300x225.jpg 300w, http:\/\/www.valzor.hr\/wp-content\/uploads\/2012\/09\/EU-fondovi-100x75.jpg 100w, http:\/\/www.valzor.hr\/wp-content\/uploads\/2012\/09\/EU-fondovi.jpg 500w\" sizes=\"(max-width: 300px) 100vw, 300px\" \/><\/a><\/p>\n<p>Pisanje projekata za financiranje iz fondova EU odvija se po utvr\u0111enim pravilima objavljenih natje\u010daja.<\/p>\n<p>Projekti financirani iz EU fondova podlije\u017eu pravilima o javnoj nabavi. Odstupanja od na\u010dela javne nabave rezultiraju obvezom povrata zaprimljenih sredstava.<\/p>\n","protected":false},"excerpt":{"rendered":"<p>Pisanje projekata za financiranje iz fondova EU odvija se po utvr\u0111enim pravilima objavljenih natje\u010daja. Projekti financirani iz EU fondova podlije\u017eu pravilima o javnoj nabavi. Odstupanja od na\u010dela javne nabave rezultiraju obvezom povrata zaprimljenih sredstava.<\/p>\n","protected":false},"author":1,"featured_media":290,"parent":0,"menu_order":0,"comment_status":"closed","ping_status":"closed","template":"","meta":{"footnotes":""},"_links":{"self":[{"href":"http:\/\/www.valzor.hr\/index.php?rest_route=\/wp\/v2\/pages\/115"}],"collection":[{"href":"http:\/\/www.valzor.hr\/index.php?rest_route=\/wp\/v2\/pages"}],"about":[{"href":"http:\/\/www.valzor.hr\/index.php?rest_route=\/wp\/v2\/types\/page"}],"author":[{"embeddable":true,"href":"http:\/\/www.valzor.hr\/index.php?rest_route=\/wp\/v2\/users\/1"}],"replies":[{"embeddable":true,"href":"http:\/\/www.valzor.hr\/index.php?rest_route=%2Fwp%2Fv2%2Fcomments&post=115"}],"version-history":[{"count":12,"href":"http:\/\/www.valzor.hr\/index.php?rest_route=\/wp\/v2\/pages\/115\/revisions"}],"predecessor-version":[{"id":543,"href":"http:\/\/www.valzor.hr\/index.php?rest_route=\/wp\/v2\/pages\/115\/revisions\/543"}],"wp:featuredmedia":[{"embeddable":true,"href":"http:\/\/www.valzor.hr\/index.php?rest_route=\/wp\/v2\/media\/290"}],"wp:attachment":[{"href":"http:\/\/www.valzor.hr\/index.php?rest_route=%2Fwp%2Fv2%2Fmedia&parent=115"}],"curies":[{"name":"wp","href":"https:\/\/api.w.org\/{rel}","templated":true}]}}