{"id":32,"date":"2012-01-25T17:18:57","date_gmt":"2012-01-25T16:18:57","guid":{"rendered":"http:\/\/www.valzor.hr\/?page_id=32"},"modified":"2022-09-15T16:49:18","modified_gmt":"2022-09-15T14:49:18","slug":"misija","status":"publish","type":"page","link":"http:\/\/www.valzor.hr\/?page_id=32","title":{"rendered":"Misija"},"content":{"rendered":"<p>Misija poduze\u0107a Valzor d.o.o. je pove\u0107anje efikasnosti i efektivnosti klijenata putem pru\u017eanja kvalitetnih poslovnih savjeta vezanih za upravljanje poduze\u0107em.<\/p>\n<p>U dana\u0161njem turbulentnom vremenu vi\u0161e nego ikad postoji potreba za vrhunskim uslugama iz podru\u010dja:<\/p>\n<ul>\n<li>pripreme projekata za financiranje iz fondova Europske unije<\/li>\n<li>pripreme dokumentacije za kreditiranje poslovnih investicija i teku\u0107eg poslovanja<\/li>\n<li>financija i ra\u010dunovodstva<\/li>\n<li>savjetovanja u vezi s poslovanjem i upravljanjem<\/li>\n<li>kriznog menad\u017ementa<\/li>\n<\/ul>\n<p>Poduze\u0107e Valzor d.o.o. utemeljeno je sa \u017eeljom omogu\u0107avanja klijentima da koriste cjeloviti spektar usluga iz navedenih podru\u010dja. Sve usluge temelje se na individualnom pristupu i prilago\u0111avanju potrebama svakog pojedinog klijenta.<\/p>\n","protected":false},"excerpt":{"rendered":"<p>Misija poduze\u0107a Valzor d.o.o. je pove\u0107anje efikasnosti i efektivnosti klijenata putem pru\u017eanja kvalitetnih poslovnih savjeta vezanih za upravljanje poduze\u0107em. U dana\u0161njem turbulentnom vremenu vi\u0161e nego ikad postoji potreba za vrhunskim uslugama iz podru\u010dja: pripreme projekata za financiranje iz fondova Europske unije pripreme dokumentacije za kreditiranje poslovnih investicija i teku\u0107eg poslovanja financija i ra\u010dunovodstva savjetovanja u [&hellip;]<\/p>\n","protected":false},"author":1,"featured_media":296,"parent":0,"menu_order":0,"comment_status":"closed","ping_status":"open","template":"","meta":{"footnotes":""},"_links":{"self":[{"href":"http:\/\/www.valzor.hr\/index.php?rest_route=\/wp\/v2\/pages\/32"}],"collection":[{"href":"http:\/\/www.valzor.hr\/index.php?rest_route=\/wp\/v2\/pages"}],"about":[{"href":"http:\/\/www.valzor.hr\/index.php?rest_route=\/wp\/v2\/types\/page"}],"author":[{"embeddable":true,"href":"http:\/\/www.valzor.hr\/index.php?rest_route=\/wp\/v2\/users\/1"}],"replies":[{"embeddable":true,"href":"http:\/\/www.valzor.hr\/index.php?rest_route=%2Fwp%2Fv2%2Fcomments&post=32"}],"version-history":[{"count":13,"href":"http:\/\/www.valzor.hr\/index.php?rest_route=\/wp\/v2\/pages\/32\/revisions"}],"predecessor-version":[{"id":9821,"href":"http:\/\/www.valzor.hr\/index.php?rest_route=\/wp\/v2\/pages\/32\/revisions\/9821"}],"wp:featuredmedia":[{"embeddable":true,"href":"http:\/\/www.valzor.hr\/index.php?rest_route=\/wp\/v2\/media\/296"}],"wp:attachment":[{"href":"http:\/\/www.valzor.hr\/index.php?rest_route=%2Fwp%2Fv2%2Fmedia&parent=32"}],"curies":[{"name":"wp","href":"https:\/\/api.w.org\/{rel}","templated":true}]}}