{"id":67,"date":"2012-09-09T20:05:45","date_gmt":"2012-09-09T18:05:45","guid":{"rendered":"http:\/\/www.valzor.hr\/?page_id=67"},"modified":"2012-09-19T09:39:49","modified_gmt":"2012-09-19T07:39:49","slug":"poslovni-planovi","status":"publish","type":"page","link":"http:\/\/www.valzor.hr\/?page_id=67","title":{"rendered":"Poslovni planovi"},"content":{"rendered":"<p><a href=\"http:\/\/www.valzor.hr\/?attachment_id=68\" rel=\"attachment wp-att-68\"><img decoding=\"async\" loading=\"lazy\" class=\"alignnone size-medium wp-image-68\" title=\"poslovni-plan\" src=\"http:\/\/www.valzor.hr\/wp-content\/uploads\/2012\/01\/poslovni-plan-300x232.jpg\" alt=\"\" width=\"300\" height=\"232\" srcset=\"http:\/\/www.valzor.hr\/wp-content\/uploads\/2012\/01\/poslovni-plan-300x232.jpg 300w, http:\/\/www.valzor.hr\/wp-content\/uploads\/2012\/01\/poslovni-plan.jpg 800w\" sizes=\"(max-width: 300px) 100vw, 300px\" \/><\/a><\/p>\n<p>PREPORU\u010cENI SADR\u017dAJ POSLOVNOG PLANA (prema uputi HBOR-a) do 700.000,00 kuna predra\u010dunske vrijednosti ulaganja<\/p>\n<p>1. PODACI O PODUZETNIKU<br \/>\n1.1. O osobi poduzetnika<br \/>\n1.2. Procjena poduzetni\u010dke sposobnosti<br \/>\n2. POLAZI\u0160TE<br \/>\n2.1. Nastanak poduzetni\u010dke ideje<br \/>\n2.2. Razlozi osnivanja<br \/>\n2.3. Vizija i zada\u0107a poduzetni\u010dkog pothvata<br \/>\n3. PREDMET POSLOVANJA (PROIZVODI ILI USLUGE)<br \/>\n4. TR\u017dI\u0160NA OPRAVDANOST<br \/>\n4.1. Tr\u017ei\u0161te nabave<br \/>\n4.2. Tr\u017ei\u0161te prodaje<br \/>\n5. TEHNOLO\u0160KO-TEHNI\u010cKI ELEMENTI POTHVATA<br \/>\n5.1. Opis tehnologije<br \/>\n5.2. Struktura tro\u0161kova<br \/>\n5.3. Struktura i broj zaposlenih<br \/>\n6. LOKACIJA<br \/>\n7. ZA\u0160TITA OKOLINE<br \/>\n8. FINANCIJSKI ELEMENTI POTHVATA<br \/>\n8.1. Investicije u osnovna sredstva<br \/>\n8.2. Prora\u010dun amortizacije<br \/>\n8.3. Kalkulacija cijena<br \/>\n8.4. Tro\u0161kovi poslovanja<br \/>\n8.5. Investicije u obrtna sredstva<br \/>\n8.6. Izvori financiranja<br \/>\n8.7. Ra\u010dun dobiti i gubitka<br \/>\n8.8. Pokazatelji u\u010dinkovitosti<br \/>\n8.8.1. Financijski tok (primici i izdaci)<br \/>\n9. ZAKLJU\u010cAK<\/p>\n","protected":false},"excerpt":{"rendered":"<p>PREPORU\u010cENI SADR\u017dAJ POSLOVNOG PLANA (prema uputi HBOR-a) do 700.000,00 kuna predra\u010dunske vrijednosti ulaganja 1. PODACI O PODUZETNIKU 1.1. O osobi poduzetnika 1.2. Procjena poduzetni\u010dke sposobnosti 2. POLAZI\u0160TE 2.1. Nastanak poduzetni\u010dke ideje 2.2. Razlozi osnivanja 2.3. Vizija i zada\u0107a poduzetni\u010dkog pothvata 3. PREDMET POSLOVANJA (PROIZVODI ILI USLUGE) 4. TR\u017dI\u0160NA OPRAVDANOST 4.1. Tr\u017ei\u0161te nabave 4.2. Tr\u017ei\u0161te prodaje [&hellip;]<\/p>\n","protected":false},"author":1,"featured_media":68,"parent":50,"menu_order":0,"comment_status":"closed","ping_status":"open","template":"","meta":{"footnotes":""},"_links":{"self":[{"href":"http:\/\/www.valzor.hr\/index.php?rest_route=\/wp\/v2\/pages\/67"}],"collection":[{"href":"http:\/\/www.valzor.hr\/index.php?rest_route=\/wp\/v2\/pages"}],"about":[{"href":"http:\/\/www.valzor.hr\/index.php?rest_route=\/wp\/v2\/types\/page"}],"author":[{"embeddable":true,"href":"http:\/\/www.valzor.hr\/index.php?rest_route=\/wp\/v2\/users\/1"}],"replies":[{"embeddable":true,"href":"http:\/\/www.valzor.hr\/index.php?rest_route=%2Fwp%2Fv2%2Fcomments&post=67"}],"version-history":[{"count":13,"href":"http:\/\/www.valzor.hr\/index.php?rest_route=\/wp\/v2\/pages\/67\/revisions"}],"predecessor-version":[{"id":475,"href":"http:\/\/www.valzor.hr\/index.php?rest_route=\/wp\/v2\/pages\/67\/revisions\/475"}],"up":[{"embeddable":true,"href":"http:\/\/www.valzor.hr\/index.php?rest_route=\/wp\/v2\/pages\/50"}],"wp:featuredmedia":[{"embeddable":true,"href":"http:\/\/www.valzor.hr\/index.php?rest_route=\/wp\/v2\/media\/68"}],"wp:attachment":[{"href":"http:\/\/www.valzor.hr\/index.php?rest_route=%2Fwp%2Fv2%2Fmedia&parent=67"}],"curies":[{"name":"wp","href":"https:\/\/api.w.org\/{rel}","templated":true}]}}