{"id":111,"date":"2011-09-05T10:26:19","date_gmt":"2011-09-05T08:26:19","guid":{"rendered":"http:\/\/www.valzor.hr\/?page_id=111"},"modified":"2012-12-19T16:07:34","modified_gmt":"2012-12-19T15:07:34","slug":"krediti-hbor-a","status":"publish","type":"page","link":"https:\/\/www.valzor.hr\/?page_id=111","title":{"rendered":"KREDITI HBOR-a"},"content":{"rendered":"<p><strong><a href=\"http:\/\/www.valzor.hr\/?attachment_id=293\" rel=\"attachment wp-att-293\"><img decoding=\"async\" loading=\"lazy\" class=\"alignnone size-medium wp-image-293\" title=\"HBOR-krediti\" src=\"http:\/\/www.valzor.hr\/wp-content\/uploads\/2012\/09\/HBOR-krediti-300x199.jpg\" alt=\"\" width=\"300\" height=\"199\" srcset=\"https:\/\/www.valzor.hr\/wp-content\/uploads\/2012\/09\/HBOR-krediti-300x199.jpg 300w, https:\/\/www.valzor.hr\/wp-content\/uploads\/2012\/09\/HBOR-krediti.jpg 425w\" sizes=\"(max-width: 300px) 100vw, 300px\" \/><\/a><\/strong><\/p>\n<p><strong>Krediti se odobravaju temeljem poslovnog plana \/ investicijske studije,<\/strong> postoje\u0107ih financijskih podataka poduze\u0107a i ponu\u0111enih instrumenata osiguranja.<\/p>\n<p><strong>Za investicije do 700.000 Kn ulaganja izra\u0111uje se poslovni plan, a za investicije preko 700.000 Kn ulaganja investicijska studija.<\/strong><\/p>\n<p>&nbsp;<\/p>\n<p>Poduzetnicima su na raspolaganju brojni programi kreditiranja Hrvatske banke za obnovu i razvoj (HBOR-a), <strong>u ve\u0107ini njih kamatna stopa je 4%<\/strong>. Neki od programa su:<\/p>\n<ul>\n<li>PO\u010cETNICI \u2013 program kreditiranja poduzetnika po\u010detnika<\/li>\n<li>MALO I SREDNJE PODUZETNI\u0160TVO \u2013 program kreditiranja razvitka malog i srednjeg poduzetni\u0161tva<\/li>\n<li>PROGRAM ZA MIKRO, MALE I SREDNJE PODUZETNIKE \u2013 program kreditiranja razvoja malih i srednjih poduzetnika uz potporu EU<\/li>\n<li>ZA\u0160TITA OKOLI\u0160A \u2013 program kreditiranja projekata za\u0161tite okoli\u0161a, energetske u\u010dinkovitosti i obnovljivih izvora energije<\/li>\n<li>\u017dENE PODUZETNICE \u2013 program kreditiranja \u017eenskog poduzetni\u0161tva<\/li>\n<li>RESTRUKTURIRANJE \u2013 program kreditiranja financijskog restrukturiranja<\/li>\n<li>OTOCI \u2013 program kreditiranja razvitka otoka<\/li>\n<li>PRIPREMA IZVOZA &#8211; program kreditiranja pripreme i naplate izvoznih poslova<\/li>\n<li>LIKVIDNOST &#8211; program kreditiranja za pobolj\u0161anje likvidnosti<\/li>\n<li>TRAJNA OBRTNA SREDSTVA &#8211; kreditiranje trajnih obrtnih sredstva za osna\u017eenje poslovanja<\/li>\n<li>TURIZAM \u2013 program kreditiranja turisti\u010dkog sektora<\/li>\n<\/ul>\n<p>&nbsp;<\/p>\n<p>Poslovni plan \/ investicijska studija koja se prila\u017ee uz kreditni zahtjev mora sadr\u017eavati elemente sukladno preporuci HBOR-a.<\/p>\n<p>&nbsp;<\/p>\n<p>Vi\u0161e o programima HBOR-a na <a href=\"http:\/\/www.hbor.hr\">www.hbor.hr<\/a><\/p>\n<p>Ukoliko ste zainteresirani za profesionalnu izradu Va\u0161e dokumentacije za kredit HBOR-a, obratite nam se s povjerenjem.<\/p>\n","protected":false},"excerpt":{"rendered":"<p>Krediti se odobravaju temeljem poslovnog plana \/ investicijske studije, postoje\u0107ih financijskih podataka poduze\u0107a i ponu\u0111enih instrumenata osiguranja. Za investicije do 700.000 Kn ulaganja izra\u0111uje se poslovni plan, a za investicije preko 700.000 Kn ulaganja investicijska studija. &nbsp; Poduzetnicima su na raspolaganju brojni programi kreditiranja Hrvatske banke za obnovu i razvoj (HBOR-a), u ve\u0107ini njih kamatna [&hellip;]<\/p>\n","protected":false},"author":1,"featured_media":293,"parent":0,"menu_order":0,"comment_status":"closed","ping_status":"closed","template":"","meta":{"footnotes":""},"_links":{"self":[{"href":"https:\/\/www.valzor.hr\/index.php?rest_route=\/wp\/v2\/pages\/111"}],"collection":[{"href":"https:\/\/www.valzor.hr\/index.php?rest_route=\/wp\/v2\/pages"}],"about":[{"href":"https:\/\/www.valzor.hr\/index.php?rest_route=\/wp\/v2\/types\/page"}],"author":[{"embeddable":true,"href":"https:\/\/www.valzor.hr\/index.php?rest_route=\/wp\/v2\/users\/1"}],"replies":[{"embeddable":true,"href":"https:\/\/www.valzor.hr\/index.php?rest_route=%2Fwp%2Fv2%2Fcomments&post=111"}],"version-history":[{"count":12,"href":"https:\/\/www.valzor.hr\/index.php?rest_route=\/wp\/v2\/pages\/111\/revisions"}],"predecessor-version":[{"id":349,"href":"https:\/\/www.valzor.hr\/index.php?rest_route=\/wp\/v2\/pages\/111\/revisions\/349"}],"wp:featuredmedia":[{"embeddable":true,"href":"https:\/\/www.valzor.hr\/index.php?rest_route=\/wp\/v2\/media\/293"}],"wp:attachment":[{"href":"https:\/\/www.valzor.hr\/index.php?rest_route=%2Fwp%2Fv2%2Fmedia&parent=111"}],"curies":[{"name":"wp","href":"https:\/\/api.w.org\/{rel}","templated":true}]}}