{"id":113,"date":"2012-09-06T10:26:57","date_gmt":"2012-09-06T08:26:57","guid":{"rendered":"http:\/\/www.valzor.hr\/?page_id=113"},"modified":"2012-10-24T19:42:27","modified_gmt":"2012-10-24T17:42:27","slug":"jamstvo-hamag-a","status":"publish","type":"page","link":"https:\/\/www.valzor.hr\/?page_id=113","title":{"rendered":"JAMSTVO HAMAG-a"},"content":{"rendered":"<p><a href=\"http:\/\/www.valzor.hr\/?attachment_id=292\" rel=\"attachment wp-att-292\"><img decoding=\"async\" loading=\"lazy\" class=\"alignnone size-medium wp-image-292\" title=\"HAMAG-jamstvo\" src=\"http:\/\/www.valzor.hr\/wp-content\/uploads\/2012\/09\/HAMAG-jamstvo-300x199.jpg\" alt=\"\" width=\"300\" height=\"199\" srcset=\"https:\/\/www.valzor.hr\/wp-content\/uploads\/2012\/09\/HAMAG-jamstvo-300x199.jpg 300w, https:\/\/www.valzor.hr\/wp-content\/uploads\/2012\/09\/HAMAG-jamstvo.jpg 640w\" sizes=\"(max-width: 300px) 100vw, 300px\" \/><\/a><\/p>\n<p>Hrvatska agencija za malo gospodarstvo nudi jamstvene programe za male poduzetnike. Jamstva se odobravaju u iznosima od 40 do 80% iznosa glavnice kredita. <strong>Jamstva slu\u017ee kao garancija pla\u0107anja poslovnim bankama i koriste se u slu\u010daju kada poduze\u0107e nema dovoljno postoje\u0107ih instrumenata osiguranja naplate kreditnih obveza (npr. nekretnina).<\/strong><\/p>\n<p>Kao i kod kredita HBOR-a<strong>, jamstva HAMAG-a odobravaju se temeljem poslovnog plana \/ investicijske studije<\/strong> i postoje\u0107ih financijskih podataka poduze\u0107a.<\/p>\n<p>Pravo na zahtjev za dobivanje jamstva po svim jamstvenim programima imaju poduzetnici:<\/p>\n<ul>\n<li>koji imaju sjedi\u0161te, odnosno prebivali\u0161te u RH<\/li>\n<li>koji su vi\u0161e od 50% u privatnom vlasni\u0161tvu<\/li>\n<li>koji pripadaju subjektima malog gospodarstva<\/li>\n<li>koji imaju u cijelosti zatvorenu financijsku konstrukciju ulaganja<\/li>\n<li>koji nemaju nepodmirenih obveza prema dr\u017eavi<\/li>\n<li>\u010diji \u017eiro-ra\u010dun nije neprekidno blokiran dulje od 30 dana u zadnjih 6 mjeseci<\/li>\n<li>koji zadovoljavaju kriterije boniteta<\/li>\n<li>\u010dije je ulaganje ekonomski opravdano<\/li>\n<\/ul>\n<p>Vi\u0161e o jamstvima HAMAG-a na <a href=\"http:\/\/www.hamag.hr\">www.hamag.hr<\/a><\/p>\n","protected":false},"excerpt":{"rendered":"<p>Hrvatska agencija za malo gospodarstvo nudi jamstvene programe za male poduzetnike. Jamstva se odobravaju u iznosima od 40 do 80% iznosa glavnice kredita. Jamstva slu\u017ee kao garancija pla\u0107anja poslovnim bankama i koriste se u slu\u010daju kada poduze\u0107e nema dovoljno postoje\u0107ih instrumenata osiguranja naplate kreditnih obveza (npr. nekretnina). Kao i kod kredita HBOR-a, jamstva HAMAG-a odobravaju [&hellip;]<\/p>\n","protected":false},"author":1,"featured_media":292,"parent":0,"menu_order":0,"comment_status":"closed","ping_status":"closed","template":"","meta":{"footnotes":""},"_links":{"self":[{"href":"https:\/\/www.valzor.hr\/index.php?rest_route=\/wp\/v2\/pages\/113"}],"collection":[{"href":"https:\/\/www.valzor.hr\/index.php?rest_route=\/wp\/v2\/pages"}],"about":[{"href":"https:\/\/www.valzor.hr\/index.php?rest_route=\/wp\/v2\/types\/page"}],"author":[{"embeddable":true,"href":"https:\/\/www.valzor.hr\/index.php?rest_route=\/wp\/v2\/users\/1"}],"replies":[{"embeddable":true,"href":"https:\/\/www.valzor.hr\/index.php?rest_route=%2Fwp%2Fv2%2Fcomments&post=113"}],"version-history":[{"count":9,"href":"https:\/\/www.valzor.hr\/index.php?rest_route=\/wp\/v2\/pages\/113\/revisions"}],"predecessor-version":[{"id":492,"href":"https:\/\/www.valzor.hr\/index.php?rest_route=\/wp\/v2\/pages\/113\/revisions\/492"}],"wp:featuredmedia":[{"embeddable":true,"href":"https:\/\/www.valzor.hr\/index.php?rest_route=\/wp\/v2\/media\/292"}],"wp:attachment":[{"href":"https:\/\/www.valzor.hr\/index.php?rest_route=%2Fwp%2Fv2%2Fmedia&parent=113"}],"curies":[{"name":"wp","href":"https:\/\/api.w.org\/{rel}","templated":true}]}}