{"id":2,"date":"2012-01-23T13:38:22","date_gmt":"2012-01-23T13:38:22","guid":{"rendered":"http:\/\/www.valzor.hr\/?page_id=2"},"modified":"2022-09-15T16:44:53","modified_gmt":"2022-09-15T14:44:53","slug":"sample-page","status":"publish","type":"page","link":"https:\/\/www.valzor.hr\/?page_id=2","title":{"rendered":"O nama"},"content":{"rendered":"<p><a title=\"Misija\" href=\"http:\/\/www.valzor.hr\/?page_id=32\">Misija<\/a><\/p>\n<p><a title=\"Odnos prema klijentima\" href=\"http:\/\/www.valzor.hr\/?p=15\">Odnos prema klijentima<\/a><\/p>\n<p><a title=\"Dru\u0161tveno odgovorno poslovanje\" href=\"http:\/\/www.valzor.hr\/?p=20\">Dru\u0161tveno odgovorno poslovanje<\/a><\/p>\n<p><a title=\"Osnovni podaci\" href=\"http:\/\/www.valzor.hr\/?page_id=40\">Osnovni podaci<\/a><\/p>\n<p><a title=\"Kontakt\" href=\"http:\/\/www.valzor.hr\/?page_id=42\">Kontakt<\/a><\/p>\n<p>Mi smo savjetodavna tvrtka koja se bavi pru\u017eanjem visokostru\u010dnih usluga financijskog, poslovnog i poreznog savjetovanja. U svom radu koristimo najnovija dostignu\u0107a ekonomske znanosti iz podru\u010dja upravljanja poslovanjem poduze\u0107a. Svakom klijentu nudimo individualno prilago\u0111ene metode ovisno o specifi\u010dnostima svake pojedine djelatnosti.<\/p>\n<p>Na\u0161 osnovni cilj je izgraditi dugoro\u010dne poslovne odnose s klijentima, koji se temelje na me\u0111usobnom povjerenju i lojalnosti. Svoje ste\u010deno znanje \u017eelimo prenijeti na svakog pojedinog klijenta te mu omogu\u0107iti pove\u0107anje efikasnosti, efektivnosti i profitabilnosti.<\/p>\n<p>Ako tra\u017eite vrhunsku savjetodavnu uslugu, obratite nam se s povjerenjem.<\/p>\n<p>dr.sc. Valentina Salaj \u0106etkovi\u0107, direktorica<\/p>\n","protected":false},"excerpt":{"rendered":"<p>Misija Odnos prema klijentima Dru\u0161tveno odgovorno poslovanje Osnovni podaci Kontakt Mi smo savjetodavna tvrtka koja se bavi pru\u017eanjem visokostru\u010dnih usluga financijskog, poslovnog i poreznog savjetovanja. U svom radu koristimo najnovija dostignu\u0107a ekonomske znanosti iz podru\u010dja upravljanja poslovanjem poduze\u0107a. Svakom klijentu nudimo individualno prilago\u0111ene metode ovisno o specifi\u010dnostima svake pojedine djelatnosti. Na\u0161 osnovni cilj je izgraditi [&hellip;]<\/p>\n","protected":false},"author":1,"featured_media":0,"parent":0,"menu_order":0,"comment_status":"open","ping_status":"open","template":"","meta":{"footnotes":""},"_links":{"self":[{"href":"https:\/\/www.valzor.hr\/index.php?rest_route=\/wp\/v2\/pages\/2"}],"collection":[{"href":"https:\/\/www.valzor.hr\/index.php?rest_route=\/wp\/v2\/pages"}],"about":[{"href":"https:\/\/www.valzor.hr\/index.php?rest_route=\/wp\/v2\/types\/page"}],"author":[{"embeddable":true,"href":"https:\/\/www.valzor.hr\/index.php?rest_route=\/wp\/v2\/users\/1"}],"replies":[{"embeddable":true,"href":"https:\/\/www.valzor.hr\/index.php?rest_route=%2Fwp%2Fv2%2Fcomments&post=2"}],"version-history":[{"count":10,"href":"https:\/\/www.valzor.hr\/index.php?rest_route=\/wp\/v2\/pages\/2\/revisions"}],"predecessor-version":[{"id":9820,"href":"https:\/\/www.valzor.hr\/index.php?rest_route=\/wp\/v2\/pages\/2\/revisions\/9820"}],"wp:attachment":[{"href":"https:\/\/www.valzor.hr\/index.php?rest_route=%2Fwp%2Fv2%2Fmedia&parent=2"}],"curies":[{"name":"wp","href":"https:\/\/api.w.org\/{rel}","templated":true}]}}