{"id":38,"date":"2012-01-25T17:27:52","date_gmt":"2012-01-25T16:27:52","guid":{"rendered":"http:\/\/www.valzor.hr\/?page_id=38"},"modified":"2012-10-24T19:34:40","modified_gmt":"2012-10-24T17:34:40","slug":"drustveno-odgovorno-poslovanje","status":"publish","type":"page","link":"https:\/\/www.valzor.hr\/?page_id=38","title":{"rendered":"Dru\u0161tveno odgovorno poslovanje"},"content":{"rendered":"<p><a href=\"http:\/\/www.valzor.hr\/?attachment_id=289\" rel=\"attachment wp-att-289\"><img decoding=\"async\" loading=\"lazy\" class=\"alignnone size-medium wp-image-289\" title=\"drustvena odgovornost\" src=\"http:\/\/www.valzor.hr\/wp-content\/uploads\/2012\/09\/drustvena-odgovornost-300x239.jpg\" alt=\"\" width=\"300\" height=\"239\" srcset=\"https:\/\/www.valzor.hr\/wp-content\/uploads\/2012\/09\/drustvena-odgovornost-300x239.jpg 300w, https:\/\/www.valzor.hr\/wp-content\/uploads\/2012\/09\/drustvena-odgovornost.jpg 549w\" sizes=\"(max-width: 300px) 100vw, 300px\" \/><\/a><\/p>\n<p>Zbog svojeg polo\u017eaja i zna\u010daja u dana\u0161njem dru\u0161tvu, poduze\u0107a imaju odlu\u010duju\u0107u ulogu u postizanju odr\u017eivog razvoja. Dru\u0161tveno odgovorno poslovanje poduze\u0107a obuhva\u0107a sljede\u0107e dimenzije:<\/p>\n<ul>\n<li>gospodarsku<\/li>\n<li>socijalnu<\/li>\n<\/ul>\n<p>Gospodarska dimenzija dru\u0161tveno odgovornog poslovanja poduze\u0107a sastoji se od prihva\u0107anja normi dobrog poslovnog upravljanja, po\u0161tenog odnosa poduze\u0107a prema zaposlenicima, kupcima, dobavlja\u010dima i ostalim suradnicima te smanjenja negativnih utjecaja na okoli\u0161.<\/p>\n<p>Socijalna dimenzija dru\u0161tveno odgovornog poslovanja sastoji se od stvaranja novih radnih mjesta, po\u0161tovanja prava zaposlenika, borbe protiv siroma\u0161tva te donacija za dobrotvorne svrhe.<\/p>\n<p>Sada\u0161nji dru\u0161tveni, socijalni i ekolo\u0161ki problemi u svijetu upu\u0107uju na potrebu svakog poduze\u0107a da vlastitim djelovanjem pridonese stvaranju NOVE EKONOMIJE, koja \u0107e osigurati dugoro\u010dan stabilan rast poduze\u0107a bez negativnih utjecaja na okoli\u0161 i dru\u0161tvo.<\/p>\n","protected":false},"excerpt":{"rendered":"<p>Zbog svojeg polo\u017eaja i zna\u010daja u dana\u0161njem dru\u0161tvu, poduze\u0107a imaju odlu\u010duju\u0107u ulogu u postizanju odr\u017eivog razvoja. Dru\u0161tveno odgovorno poslovanje poduze\u0107a obuhva\u0107a sljede\u0107e dimenzije: gospodarsku socijalnu Gospodarska dimenzija dru\u0161tveno odgovornog poslovanja poduze\u0107a sastoji se od prihva\u0107anja normi dobrog poslovnog upravljanja, po\u0161tenog odnosa poduze\u0107a prema zaposlenicima, kupcima, dobavlja\u010dima i ostalim suradnicima te smanjenja negativnih utjecaja na okoli\u0161. [&hellip;]<\/p>\n","protected":false},"author":1,"featured_media":289,"parent":0,"menu_order":0,"comment_status":"closed","ping_status":"open","template":"","meta":{"footnotes":""},"_links":{"self":[{"href":"https:\/\/www.valzor.hr\/index.php?rest_route=\/wp\/v2\/pages\/38"}],"collection":[{"href":"https:\/\/www.valzor.hr\/index.php?rest_route=\/wp\/v2\/pages"}],"about":[{"href":"https:\/\/www.valzor.hr\/index.php?rest_route=\/wp\/v2\/types\/page"}],"author":[{"embeddable":true,"href":"https:\/\/www.valzor.hr\/index.php?rest_route=\/wp\/v2\/users\/1"}],"replies":[{"embeddable":true,"href":"https:\/\/www.valzor.hr\/index.php?rest_route=%2Fwp%2Fv2%2Fcomments&post=38"}],"version-history":[{"count":9,"href":"https:\/\/www.valzor.hr\/index.php?rest_route=\/wp\/v2\/pages\/38\/revisions"}],"predecessor-version":[{"id":484,"href":"https:\/\/www.valzor.hr\/index.php?rest_route=\/wp\/v2\/pages\/38\/revisions\/484"}],"wp:featuredmedia":[{"embeddable":true,"href":"https:\/\/www.valzor.hr\/index.php?rest_route=\/wp\/v2\/media\/289"}],"wp:attachment":[{"href":"https:\/\/www.valzor.hr\/index.php?rest_route=%2Fwp%2Fv2%2Fmedia&parent=38"}],"curies":[{"name":"wp","href":"https:\/\/api.w.org\/{rel}","templated":true}]}}