{"id":40,"date":"2014-06-26T17:28:26","date_gmt":"2014-06-26T15:28:26","guid":{"rendered":"http:\/\/www.valzor.hr\/?page_id=40"},"modified":"2022-09-15T16:31:22","modified_gmt":"2022-09-15T14:31:22","slug":"osnovni-podaci","status":"publish","type":"page","link":"https:\/\/www.valzor.hr\/?page_id=40","title":{"rendered":"Osnovni podaci"},"content":{"rendered":"<p>Valzor d.o.o.<br \/>\nStagli\u0161\u0107e 26<br \/>\n10000 Zagreb<br \/>\nMBS: 080706180<br \/>\nOIB: 37331287648<br \/>\nRegistarski sud: Trgova\u010dki sud u Zagrebu<br \/>\nDirektor: dr.sc. Valentina Salaj \u0106etkovi\u0107 (<a title=\"\u017divotopis\" href=\"http:\/\/www.valzor.hr\/Zivotopis Valentina Salaj Cetkovic.doc\">\u017eivotopis<\/a>)<\/p>\n<p>Kontakti poduze\u0107a:<br \/>\nTel.\/fax. 01 3862 082<br \/>\nMob. 095\/200-2000<br \/>\nE-mail: info@valzor.hr<\/p>\n","protected":false},"excerpt":{"rendered":"<p>Valzor d.o.o. Stagli\u0161\u0107e 26 10000 Zagreb MBS: 080706180 OIB: 37331287648 Registarski sud: Trgova\u010dki sud u Zagrebu Direktor: dr.sc. Valentina Salaj \u0106etkovi\u0107 (\u017eivotopis) Kontakti poduze\u0107a: Tel.\/fax. 01 3862 082 Mob. 095\/200-2000 E-mail: info@valzor.hr<\/p>\n","protected":false},"author":1,"featured_media":0,"parent":0,"menu_order":0,"comment_status":"closed","ping_status":"open","template":"","meta":{"footnotes":""},"_links":{"self":[{"href":"https:\/\/www.valzor.hr\/index.php?rest_route=\/wp\/v2\/pages\/40"}],"collection":[{"href":"https:\/\/www.valzor.hr\/index.php?rest_route=\/wp\/v2\/pages"}],"about":[{"href":"https:\/\/www.valzor.hr\/index.php?rest_route=\/wp\/v2\/types\/page"}],"author":[{"embeddable":true,"href":"https:\/\/www.valzor.hr\/index.php?rest_route=\/wp\/v2\/users\/1"}],"replies":[{"embeddable":true,"href":"https:\/\/www.valzor.hr\/index.php?rest_route=%2Fwp%2Fv2%2Fcomments&post=40"}],"version-history":[{"count":12,"href":"https:\/\/www.valzor.hr\/index.php?rest_route=\/wp\/v2\/pages\/40\/revisions"}],"predecessor-version":[{"id":9815,"href":"https:\/\/www.valzor.hr\/index.php?rest_route=\/wp\/v2\/pages\/40\/revisions\/9815"}],"wp:attachment":[{"href":"https:\/\/www.valzor.hr\/index.php?rest_route=%2Fwp%2Fv2%2Fmedia&parent=40"}],"curies":[{"name":"wp","href":"https:\/\/api.w.org\/{rel}","templated":true}]}}