{"id":50,"date":"2012-01-25T17:33:04","date_gmt":"2012-01-25T16:33:04","guid":{"rendered":"http:\/\/www.valzor.hr\/?page_id=50"},"modified":"2022-09-15T15:26:23","modified_gmt":"2022-09-15T13:26:23","slug":"djelatnosti","status":"publish","type":"page","link":"https:\/\/www.valzor.hr\/?page_id=50","title":{"rendered":"Djelatnosti"},"content":{"rendered":"<p><strong><a title=\"Projekti za financiranje iz EU fondova\" href=\"http:\/\/www.valzor.hr\/?page_id=74\">Projekti za financiranje iz EU fondova<\/a><\/strong><\/p>\n<p><a title=\"Kreditni prijedlozi za poslovne banke, HBOR i garancije HAMAG-a\" href=\"http:\/\/www.valzor.hr\/?page_id=64\"><strong>Kreditni prijedlozi za poslovne banke, HBOR i garancije HAMAG-a<\/strong><\/a><\/p>\n<p><a title=\"Poslovni planovi\" href=\"http:\/\/www.valzor.hr\/?page_id=67\"><strong>Poslovni planovi<\/strong><\/a><\/p>\n<p><a title=\"Investicijske studije\" href=\"http:\/\/www.valzor.hr\/?page_id=71\"><strong>Investicijske studije<\/strong><\/a><\/p>\n<p><a title=\"Savjetovanje menad\u017ementa\" href=\"http:\/\/www.valzor.hr\/?page_id=78\"><strong>Savjetovanje menad\u017ementa<\/strong><\/a><\/p>\n<p><a title=\"Forenzni\u010dno ra\u010dunovodstvo\" href=\"http:\/\/www.valzor.hr\/?page_id=82\"><strong>Forenzi\u010dno ra\u010dunovodstvo<\/strong><\/a><\/p>\n<p><a title=\"Analiza financijskih izvje\u0161taja\" href=\"http:\/\/www.valzor.hr\/?page_id=61\"><strong>Analiza financijskih izvje\u0161taja<\/strong><\/a><\/p>\n<p><a title=\"Planovi restrukturiranja\" href=\"http:\/\/www.valzor.hr\/?page_id=85\"><strong>Planovi restrukturiranja<\/strong><\/a><\/p>\n<p><a title=\"Obra\u010dun zateznih kamata\" href=\"http:\/\/www.valzor.hr\/?page_id=88\"><strong>Obra\u010dun zateznih kamata<\/strong><\/a><\/p>\n","protected":false},"excerpt":{"rendered":"<p>Projekti za financiranje iz EU fondova Kreditni prijedlozi za poslovne banke, HBOR i garancije HAMAG-a Poslovni planovi Investicijske studije Savjetovanje menad\u017ementa Forenzi\u010dno ra\u010dunovodstvo Analiza financijskih izvje\u0161taja Planovi restrukturiranja Obra\u010dun zateznih kamata<\/p>\n","protected":false},"author":1,"featured_media":0,"parent":0,"menu_order":0,"comment_status":"closed","ping_status":"open","template":"","meta":{"footnotes":""},"_links":{"self":[{"href":"https:\/\/www.valzor.hr\/index.php?rest_route=\/wp\/v2\/pages\/50"}],"collection":[{"href":"https:\/\/www.valzor.hr\/index.php?rest_route=\/wp\/v2\/pages"}],"about":[{"href":"https:\/\/www.valzor.hr\/index.php?rest_route=\/wp\/v2\/types\/page"}],"author":[{"embeddable":true,"href":"https:\/\/www.valzor.hr\/index.php?rest_route=\/wp\/v2\/users\/1"}],"replies":[{"embeddable":true,"href":"https:\/\/www.valzor.hr\/index.php?rest_route=%2Fwp%2Fv2%2Fcomments&post=50"}],"version-history":[{"count":12,"href":"https:\/\/www.valzor.hr\/index.php?rest_route=\/wp\/v2\/pages\/50\/revisions"}],"predecessor-version":[{"id":9817,"href":"https:\/\/www.valzor.hr\/index.php?rest_route=\/wp\/v2\/pages\/50\/revisions\/9817"}],"wp:attachment":[{"href":"https:\/\/www.valzor.hr\/index.php?rest_route=%2Fwp%2Fv2%2Fmedia&parent=50"}],"curies":[{"name":"wp","href":"https:\/\/api.w.org\/{rel}","templated":true}]}}