{"id":61,"date":"2014-06-26T18:20:09","date_gmt":"2014-06-26T16:20:09","guid":{"rendered":"http:\/\/www.valzor.hr\/?page_id=61"},"modified":"2014-06-26T18:20:38","modified_gmt":"2014-06-26T16:20:38","slug":"analiza-financijskih-izvjestaja","status":"publish","type":"page","link":"https:\/\/www.valzor.hr\/?page_id=61","title":{"rendered":"Sudska vje\u0161ta\u010denja"},"content":{"rendered":"<p><a href=\"http:\/\/www.valzor.hr\/?attachment_id=288\" rel=\"attachment wp-att-288\"><img decoding=\"async\" loading=\"lazy\" class=\"alignnone size-medium wp-image-288\" title=\"analiza financijskih izvjestaja\" alt=\"\" src=\"http:\/\/www.valzor.hr\/wp-content\/uploads\/2012\/09\/analiza-financijskih-izvjestaja-300x199.jpg\" width=\"300\" height=\"199\" srcset=\"https:\/\/www.valzor.hr\/wp-content\/uploads\/2012\/09\/analiza-financijskih-izvjestaja-300x199.jpg 300w, https:\/\/www.valzor.hr\/wp-content\/uploads\/2012\/09\/analiza-financijskih-izvjestaja.jpg 780w\" sizes=\"(max-width: 300px) 100vw, 300px\" \/><\/a><\/p>\n<p>Valzor d.o.o. je ovla\u0161teno trgova\u010dko dru\u0161tvo za provedbu sudskih vje\u0161ta\u010denja iz podru\u010dja financija, ra\u010dunovodstva i poreza. Sudske vje\u0161take mo\u017ee anga\u017eirati sud, dr\u017eavne institucije i privatni poduzetnici, u svrhu dobivanja mi\u0161ljenja za stru\u010dna podru\u010dja s kojima je povezan odre\u0111eni sudski spor. <\/p>\n","protected":false},"excerpt":{"rendered":"<p>Valzor d.o.o. je ovla\u0161teno trgova\u010dko dru\u0161tvo za provedbu sudskih vje\u0161ta\u010denja iz podru\u010dja financija, ra\u010dunovodstva i poreza. Sudske vje\u0161take mo\u017ee anga\u017eirati sud, dr\u017eavne institucije i privatni poduzetnici, u svrhu dobivanja mi\u0161ljenja za stru\u010dna podru\u010dja s kojima je povezan odre\u0111eni sudski spor.<\/p>\n","protected":false},"author":1,"featured_media":288,"parent":50,"menu_order":0,"comment_status":"closed","ping_status":"open","template":"","meta":{"footnotes":""},"_links":{"self":[{"href":"https:\/\/www.valzor.hr\/index.php?rest_route=\/wp\/v2\/pages\/61"}],"collection":[{"href":"https:\/\/www.valzor.hr\/index.php?rest_route=\/wp\/v2\/pages"}],"about":[{"href":"https:\/\/www.valzor.hr\/index.php?rest_route=\/wp\/v2\/types\/page"}],"author":[{"embeddable":true,"href":"https:\/\/www.valzor.hr\/index.php?rest_route=\/wp\/v2\/users\/1"}],"replies":[{"embeddable":true,"href":"https:\/\/www.valzor.hr\/index.php?rest_route=%2Fwp%2Fv2%2Fcomments&post=61"}],"version-history":[{"count":13,"href":"https:\/\/www.valzor.hr\/index.php?rest_route=\/wp\/v2\/pages\/61\/revisions"}],"predecessor-version":[{"id":524,"href":"https:\/\/www.valzor.hr\/index.php?rest_route=\/wp\/v2\/pages\/61\/revisions\/524"}],"up":[{"embeddable":true,"href":"https:\/\/www.valzor.hr\/index.php?rest_route=\/wp\/v2\/pages\/50"}],"wp:featuredmedia":[{"embeddable":true,"href":"https:\/\/www.valzor.hr\/index.php?rest_route=\/wp\/v2\/media\/288"}],"wp:attachment":[{"href":"https:\/\/www.valzor.hr\/index.php?rest_route=%2Fwp%2Fv2%2Fmedia&parent=61"}],"curies":[{"name":"wp","href":"https:\/\/api.w.org\/{rel}","templated":true}]}}