{"id":64,"date":"2014-06-26T18:28:27","date_gmt":"2014-06-26T16:28:27","guid":{"rendered":"http:\/\/www.valzor.hr\/?page_id=64"},"modified":"2014-06-26T18:28:41","modified_gmt":"2014-06-26T16:28:41","slug":"kreditni-prijedlozi-za-poslovne-banke-hbor-i-garancije-hamag-a","status":"publish","type":"page","link":"https:\/\/www.valzor.hr\/?page_id=64","title":{"rendered":"Kreditni prijedlozi za poslovne banke, HBOR i garancije HAMAG-a"},"content":{"rendered":"<p><a href=\"http:\/\/www.valzor.hr\/?attachment_id=292\" rel=\"attachment wp-att-292\"><img decoding=\"async\" loading=\"lazy\" class=\"alignnone size-medium wp-image-292\" title=\"HAMAG-jamstvo\" src=\"http:\/\/www.valzor.hr\/wp-content\/uploads\/2012\/09\/HAMAG-jamstvo-300x199.jpg\" alt=\"\" width=\"300\" height=\"199\" srcset=\"https:\/\/www.valzor.hr\/wp-content\/uploads\/2012\/09\/HAMAG-jamstvo-300x199.jpg 300w, https:\/\/www.valzor.hr\/wp-content\/uploads\/2012\/09\/HAMAG-jamstvo.jpg 640w\" sizes=\"(max-width: 300px) 100vw, 300px\" \/><\/a><\/p>\n<p>Metodologija izrade kreditnog prijedloga ovisi o svrsi kredita:<\/p>\n<ul>\n<li>Kredit za postoje\u0107e poslovanje poduze\u0107a<\/li>\n<li>Kredit za nove investicije<\/li>\n<\/ul>\n<p>KREDITI ZA TEKU\u0106E POSLOVANJE<\/p>\n<p>Priprema kreditnih zahtjeva za kreditiranje teku\u0107eg poslovanja poduze\u0107a temelji se na postoje\u0107em poslovanju poduzetnika. Zbog pogre\u0161ne komunikacije i interpretacije pojedinih financijskih podataka, poduzetnici \u010desto ne uspijevaju dobiti kredit. Za komunikaciju s bankama potrebno je poznavati njihov \u201erije\u010dnik\u201c i u potpunosti razumjeti proces financijske i poslovne analize koju provode banke.<\/p>\n<p>KREDITI ZA NOVE INVESTICIJE<\/p>\n<p>Uobi\u010dajeni klasi\u010dni na\u010din kreditiranja novih investicija je putem poslovnih banaka ili HBOR-a. Kreditni zahtjevi za nove investicije obvezno sadr\u017eavaju poslovni plan (za ulaganja do 700.000 Kn) ili investicijsku studiju (za ulaganja iznad 700.000 Kn).<\/p>\n","protected":false},"excerpt":{"rendered":"<p>Metodologija izrade kreditnog prijedloga ovisi o svrsi kredita: Kredit za postoje\u0107e poslovanje poduze\u0107a Kredit za nove investicije KREDITI ZA TEKU\u0106E POSLOVANJE Priprema kreditnih zahtjeva za kreditiranje teku\u0107eg poslovanja poduze\u0107a temelji se na postoje\u0107em poslovanju poduzetnika. Zbog pogre\u0161ne komunikacije i interpretacije pojedinih financijskih podataka, poduzetnici \u010desto ne uspijevaju dobiti kredit. Za komunikaciju s bankama potrebno je [&hellip;]<\/p>\n","protected":false},"author":1,"featured_media":292,"parent":50,"menu_order":0,"comment_status":"closed","ping_status":"open","template":"","meta":{"footnotes":""},"_links":{"self":[{"href":"https:\/\/www.valzor.hr\/index.php?rest_route=\/wp\/v2\/pages\/64"}],"collection":[{"href":"https:\/\/www.valzor.hr\/index.php?rest_route=\/wp\/v2\/pages"}],"about":[{"href":"https:\/\/www.valzor.hr\/index.php?rest_route=\/wp\/v2\/types\/page"}],"author":[{"embeddable":true,"href":"https:\/\/www.valzor.hr\/index.php?rest_route=\/wp\/v2\/users\/1"}],"replies":[{"embeddable":true,"href":"https:\/\/www.valzor.hr\/index.php?rest_route=%2Fwp%2Fv2%2Fcomments&post=64"}],"version-history":[{"count":11,"href":"https:\/\/www.valzor.hr\/index.php?rest_route=\/wp\/v2\/pages\/64\/revisions"}],"predecessor-version":[{"id":429,"href":"https:\/\/www.valzor.hr\/index.php?rest_route=\/wp\/v2\/pages\/64\/revisions\/429"}],"up":[{"embeddable":true,"href":"https:\/\/www.valzor.hr\/index.php?rest_route=\/wp\/v2\/pages\/50"}],"wp:featuredmedia":[{"embeddable":true,"href":"https:\/\/www.valzor.hr\/index.php?rest_route=\/wp\/v2\/media\/292"}],"wp:attachment":[{"href":"https:\/\/www.valzor.hr\/index.php?rest_route=%2Fwp%2Fv2%2Fmedia&parent=64"}],"curies":[{"name":"wp","href":"https:\/\/api.w.org\/{rel}","templated":true}]}}