{"id":71,"date":"2014-06-26T18:25:26","date_gmt":"2014-06-26T16:25:26","guid":{"rendered":"http:\/\/www.valzor.hr\/?page_id=71"},"modified":"2014-06-26T18:25:43","modified_gmt":"2014-06-26T16:25:43","slug":"investicijske-studije","status":"publish","type":"page","link":"https:\/\/www.valzor.hr\/?page_id=71","title":{"rendered":"Investicijske studije"},"content":{"rendered":"<p><a href=\"http:\/\/www.valzor.hr\/?attachment_id=294\" rel=\"attachment wp-att-294\"><img decoding=\"async\" loading=\"lazy\" class=\"alignnone size-medium wp-image-294\" title=\"investicijske-studije\" src=\"http:\/\/www.valzor.hr\/wp-content\/uploads\/2012\/09\/investicijske-studije-300x225.jpg\" alt=\"\" width=\"300\" height=\"225\" srcset=\"https:\/\/www.valzor.hr\/wp-content\/uploads\/2012\/09\/investicijske-studije-300x225.jpg 300w, https:\/\/www.valzor.hr\/wp-content\/uploads\/2012\/09\/investicijske-studije-100x75.jpg 100w, https:\/\/www.valzor.hr\/wp-content\/uploads\/2012\/09\/investicijske-studije.jpg 400w\" sizes=\"(max-width: 300px) 100vw, 300px\" \/><\/a><\/p>\n<p>PREPORU\u010cENI SADR\u017dAJ INVESTICIJSKE STUDIJE (prema uputi HBOR-a) iznad 700.000,00 kuna predra\u010dunske vrijednosti ulaganja<\/p>\n<p>UVOD<br \/>\nSA\u017dETAK ULAGANJA<br \/>\n1. INFORMACIJE O PODUZETNIKU \u2013 INVESTITORU<br \/>\n2. PREDMET POSLOVANJA INVESTITORA<br \/>\n3. POSTOJE\u0106A IMOVINA INVESTITORA<br \/>\n4. ANALIZA DOSADA\u0160NJEG FINANCIJSKOG POSLOVANJA<br \/>\n5. OCJENA RAZVOJNIH MOGU\u0106NOSTI ULAGATELJA<br \/>\n6. ANALIZA TR\u017dI\u0160TA<br \/>\n6.1. Tr\u017ei\u0161te nabave<br \/>\n6.2. Tr\u017ei\u0161te prodaje<br \/>\n6.3. Sa\u017eetak analize tr\u017ei\u0161ta i procjena ostvarenja prihoda<br \/>\n7. DINAMIKA i STRUKTURA ZAPOSLENIH<br \/>\n7.1. Analiza potrebnih kadrova<br \/>\n7.2. Prora\u010dun godi\u0161njih bruto pla\u0107a<br \/>\n8. TEHNI\u010cKI ELEMENTI ULAGANJA<br \/>\n8.1. Opis tehni\u010dko-tehnolo\u0161kog procesa<br \/>\n8.2. Utro\u0161ak sirovina, materijala i energenata<br \/>\n8.3. Tehni\u010dka struktura ulaganja<br \/>\n8.4. Karakteristike gra\u0111evinskog objekta (poslovni prostor)<br \/>\n9. LOKACIJA<br \/>\n10. ZA\u0160TITA \u010cOVJEKOVE OKOLINE<br \/>\n11. DINAMIKA REALIZACIJE ULAGANJA<br \/>\n12. EKONOMSKO-FINANCIJSKA ANALIZA<br \/>\n12.1. Ulaganje u osnovna sredstva<br \/>\n12.2. Ulaganje u obrtna sredstva<br \/>\n12.3. Struktura ulaganja u osnovna i obrtna sredstva<br \/>\n12.4. Izvori financiranja i kreditni uvjeti<br \/>\n12.4.1. Izvori financiranja<br \/>\n12.4.2. Obra\u010dun kreditnih obveza<br \/>\n12.5. Prora\u010dun amortizacije<br \/>\n12.6. Prora\u010dun tro\u0161kova i kalkulacija cijena<br \/>\n12.7. Projekcija ra\u010duna dobiti i gubitka<br \/>\n12.8. Financijski tok<br \/>\n12.9. Ekonomski tok<br \/>\n12.10. Projekcija bilance<br \/>\n13. EKONOMSKO-TR\u017dI\u0160NA OCJENA<br \/>\n13.1. Stati\u010dka ocjena efikasnosti investicijskog projekta<br \/>\n13.2. Dinami\u010dka ocjena projekta<br \/>\n13.2.1. Metoda razdoblja povrata investicijskog ulaganja<br \/>\n13.2.2. Metoda neto sada\u0161nje vrijednosti<br \/>\n13.2.3. Metoda relativne sada\u0161nje vrijednosti<br \/>\n13.2.4. Metoda interne stope rentabilnosti<br \/>\n14. ANALIZA OSJETLJIVOSTI<br \/>\n15. ZAKLJU\u010cNA OCJENA PROJEKTA<\/p>\n","protected":false},"excerpt":{"rendered":"<p>PREPORU\u010cENI SADR\u017dAJ INVESTICIJSKE STUDIJE (prema uputi HBOR-a) iznad 700.000,00 kuna predra\u010dunske vrijednosti ulaganja UVOD SA\u017dETAK ULAGANJA 1. INFORMACIJE O PODUZETNIKU \u2013 INVESTITORU 2. PREDMET POSLOVANJA INVESTITORA 3. POSTOJE\u0106A IMOVINA INVESTITORA 4. ANALIZA DOSADA\u0160NJEG FINANCIJSKOG POSLOVANJA 5. OCJENA RAZVOJNIH MOGU\u0106NOSTI ULAGATELJA 6. ANALIZA TR\u017dI\u0160TA 6.1. Tr\u017ei\u0161te nabave 6.2. Tr\u017ei\u0161te prodaje 6.3. Sa\u017eetak analize tr\u017ei\u0161ta i procjena [&hellip;]<\/p>\n","protected":false},"author":1,"featured_media":294,"parent":50,"menu_order":0,"comment_status":"closed","ping_status":"open","template":"","meta":{"footnotes":""},"_links":{"self":[{"href":"https:\/\/www.valzor.hr\/index.php?rest_route=\/wp\/v2\/pages\/71"}],"collection":[{"href":"https:\/\/www.valzor.hr\/index.php?rest_route=\/wp\/v2\/pages"}],"about":[{"href":"https:\/\/www.valzor.hr\/index.php?rest_route=\/wp\/v2\/types\/page"}],"author":[{"embeddable":true,"href":"https:\/\/www.valzor.hr\/index.php?rest_route=\/wp\/v2\/users\/1"}],"replies":[{"embeddable":true,"href":"https:\/\/www.valzor.hr\/index.php?rest_route=%2Fwp%2Fv2%2Fcomments&post=71"}],"version-history":[{"count":14,"href":"https:\/\/www.valzor.hr\/index.php?rest_route=\/wp\/v2\/pages\/71\/revisions"}],"predecessor-version":[{"id":494,"href":"https:\/\/www.valzor.hr\/index.php?rest_route=\/wp\/v2\/pages\/71\/revisions\/494"}],"up":[{"embeddable":true,"href":"https:\/\/www.valzor.hr\/index.php?rest_route=\/wp\/v2\/pages\/50"}],"wp:featuredmedia":[{"embeddable":true,"href":"https:\/\/www.valzor.hr\/index.php?rest_route=\/wp\/v2\/media\/294"}],"wp:attachment":[{"href":"https:\/\/www.valzor.hr\/index.php?rest_route=%2Fwp%2Fv2%2Fmedia&parent=71"}],"curies":[{"name":"wp","href":"https:\/\/api.w.org\/{rel}","templated":true}]}}