{"id":74,"date":"2012-06-25T20:11:10","date_gmt":"2012-06-25T18:11:10","guid":{"rendered":"http:\/\/www.valzor.hr\/?page_id=74"},"modified":"2014-05-22T19:40:12","modified_gmt":"2014-05-22T17:40:12","slug":"projekti-za-financiranje-iz-eu-fondova","status":"publish","type":"page","link":"https:\/\/www.valzor.hr\/?page_id=74","title":{"rendered":"Projekti za financiranje iz EU fondova"},"content":{"rendered":"<p><a href=\"http:\/\/www.valzor.hr\/?attachment_id=77\" rel=\"attachment wp-att-77\"><img decoding=\"async\" loading=\"lazy\" class=\"alignnone size-medium wp-image-77\" title=\"EU-financiranje-projekta\" alt=\"\" src=\"http:\/\/www.valzor.hr\/wp-content\/uploads\/2012\/01\/EU-financiranje-projekta-300x225.jpg\" width=\"300\" height=\"225\" srcset=\"https:\/\/www.valzor.hr\/wp-content\/uploads\/2012\/01\/EU-financiranje-projekta-300x225.jpg 300w, https:\/\/www.valzor.hr\/wp-content\/uploads\/2012\/01\/EU-financiranje-projekta-100x75.jpg 100w, https:\/\/www.valzor.hr\/wp-content\/uploads\/2012\/01\/EU-financiranje-projekta.jpg 500w\" sizes=\"(max-width: 300px) 100vw, 300px\" \/><\/a><\/p>\n<p>Pisanje projekata za financiranje iz fondova EU odvija se po utvr\u0111enim pravilima pojedinih natje\u010daja.<\/p>\n<p>Projekti financirani iz EU fondova podlije\u017eu pravilima o javnoj nabavi. Odstupanja od na\u010dela javne nabave rezultiraju obvezom povrata zaprimljenih sredstava.<\/p>\n","protected":false},"excerpt":{"rendered":"<p>Pisanje projekata za financiranje iz fondova EU odvija se po utvr\u0111enim pravilima pojedinih natje\u010daja. Projekti financirani iz EU fondova podlije\u017eu pravilima o javnoj nabavi. Odstupanja od na\u010dela javne nabave rezultiraju obvezom povrata zaprimljenih sredstava.<\/p>\n","protected":false},"author":1,"featured_media":77,"parent":50,"menu_order":0,"comment_status":"closed","ping_status":"open","template":"","meta":{"footnotes":""},"_links":{"self":[{"href":"https:\/\/www.valzor.hr\/index.php?rest_route=\/wp\/v2\/pages\/74"}],"collection":[{"href":"https:\/\/www.valzor.hr\/index.php?rest_route=\/wp\/v2\/pages"}],"about":[{"href":"https:\/\/www.valzor.hr\/index.php?rest_route=\/wp\/v2\/types\/page"}],"author":[{"embeddable":true,"href":"https:\/\/www.valzor.hr\/index.php?rest_route=\/wp\/v2\/users\/1"}],"replies":[{"embeddable":true,"href":"https:\/\/www.valzor.hr\/index.php?rest_route=%2Fwp%2Fv2%2Fcomments&post=74"}],"version-history":[{"count":13,"href":"https:\/\/www.valzor.hr\/index.php?rest_route=\/wp\/v2\/pages\/74\/revisions"}],"predecessor-version":[{"id":9806,"href":"https:\/\/www.valzor.hr\/index.php?rest_route=\/wp\/v2\/pages\/74\/revisions\/9806"}],"up":[{"embeddable":true,"href":"https:\/\/www.valzor.hr\/index.php?rest_route=\/wp\/v2\/pages\/50"}],"wp:featuredmedia":[{"embeddable":true,"href":"https:\/\/www.valzor.hr\/index.php?rest_route=\/wp\/v2\/media\/77"}],"wp:attachment":[{"href":"https:\/\/www.valzor.hr\/index.php?rest_route=%2Fwp%2Fv2%2Fmedia&parent=74"}],"curies":[{"name":"wp","href":"https:\/\/api.w.org\/{rel}","templated":true}]}}