{"id":85,"date":"2012-09-05T20:25:07","date_gmt":"2012-09-05T18:25:07","guid":{"rendered":"http:\/\/www.valzor.hr\/?page_id=85"},"modified":"2012-09-19T09:40:39","modified_gmt":"2012-09-19T07:40:39","slug":"planovi-restrukturiranja","status":"publish","type":"page","link":"https:\/\/www.valzor.hr\/?page_id=85","title":{"rendered":"Planovi restrukturiranja"},"content":{"rendered":"<p><a href=\"http:\/\/www.valzor.hr\/?attachment_id=298\" rel=\"attachment wp-att-298\"><img decoding=\"async\" loading=\"lazy\" class=\"alignnone size-medium wp-image-298\" title=\"planovi restrukturiranja\" src=\"http:\/\/www.valzor.hr\/wp-content\/uploads\/2012\/09\/planovi-restrukturiranja-300x225.jpg\" alt=\"\" width=\"300\" height=\"225\" srcset=\"https:\/\/www.valzor.hr\/wp-content\/uploads\/2012\/09\/planovi-restrukturiranja-300x225.jpg 300w, https:\/\/www.valzor.hr\/wp-content\/uploads\/2012\/09\/planovi-restrukturiranja-100x75.jpg 100w, https:\/\/www.valzor.hr\/wp-content\/uploads\/2012\/09\/planovi-restrukturiranja.jpg 400w\" sizes=\"(max-width: 300px) 100vw, 300px\" \/><\/a><\/p>\n<p>Ekonomska kriza povezana s padom potra\u017enje kupaca uzrokuje naglo pogor\u0161anje poslovne pozicije brojnih poduze\u0107a koje se o\u010dituje u:<\/p>\n<ul>\n<li>smanjenju prihoda od prodaje;<\/li>\n<li>smanjenju rezultata;<\/li>\n<li>produljenju rokova naplate potra\u017eivanja;<\/li>\n<li>produljenju vremenskog perioda potrebnog za prodaju zaliha;<\/li>\n<li>smanjenju likvidnosti poduze\u0107a;<\/li>\n<li>smanjenju investicija.<\/li>\n<\/ul>\n<p>Plan restrukturiranja poduze\u0107a zahtijeva cjelovito rje\u0161avanje svakog pojedinog problema. Podlogu za pripremu korektivnih mjera \u010dini dubinska financijska i poslovna analiza poslovanja poduze\u0107a.<\/p>\n<p>Cilj plana restrukturiranja je:<\/p>\n<ul>\n<li>uskla\u0111ivanje prihoda i rashoda poduze\u0107a (sanacija financijskog rezultata)<\/li>\n<li>uskla\u0111ivanje primitaka i izdataka (sanacija nov\u010danih tokova)<\/li>\n<\/ul>\n","protected":false},"excerpt":{"rendered":"<p>Ekonomska kriza povezana s padom potra\u017enje kupaca uzrokuje naglo pogor\u0161anje poslovne pozicije brojnih poduze\u0107a koje se o\u010dituje u: smanjenju prihoda od prodaje; smanjenju rezultata; produljenju rokova naplate potra\u017eivanja; produljenju vremenskog perioda potrebnog za prodaju zaliha; smanjenju likvidnosti poduze\u0107a; smanjenju investicija. Plan restrukturiranja poduze\u0107a zahtijeva cjelovito rje\u0161avanje svakog pojedinog problema. Podlogu za pripremu korektivnih mjera \u010dini [&hellip;]<\/p>\n","protected":false},"author":1,"featured_media":298,"parent":50,"menu_order":0,"comment_status":"closed","ping_status":"open","template":"","meta":{"footnotes":""},"_links":{"self":[{"href":"https:\/\/www.valzor.hr\/index.php?rest_route=\/wp\/v2\/pages\/85"}],"collection":[{"href":"https:\/\/www.valzor.hr\/index.php?rest_route=\/wp\/v2\/pages"}],"about":[{"href":"https:\/\/www.valzor.hr\/index.php?rest_route=\/wp\/v2\/types\/page"}],"author":[{"embeddable":true,"href":"https:\/\/www.valzor.hr\/index.php?rest_route=\/wp\/v2\/users\/1"}],"replies":[{"embeddable":true,"href":"https:\/\/www.valzor.hr\/index.php?rest_route=%2Fwp%2Fv2%2Fcomments&post=85"}],"version-history":[{"count":10,"href":"https:\/\/www.valzor.hr\/index.php?rest_route=\/wp\/v2\/pages\/85\/revisions"}],"predecessor-version":[{"id":477,"href":"https:\/\/www.valzor.hr\/index.php?rest_route=\/wp\/v2\/pages\/85\/revisions\/477"}],"up":[{"embeddable":true,"href":"https:\/\/www.valzor.hr\/index.php?rest_route=\/wp\/v2\/pages\/50"}],"wp:featuredmedia":[{"embeddable":true,"href":"https:\/\/www.valzor.hr\/index.php?rest_route=\/wp\/v2\/media\/298"}],"wp:attachment":[{"href":"https:\/\/www.valzor.hr\/index.php?rest_route=%2Fwp%2Fv2%2Fmedia&parent=85"}],"curies":[{"name":"wp","href":"https:\/\/api.w.org\/{rel}","templated":true}]}}