{"id":88,"date":"2012-09-11T20:27:49","date_gmt":"2012-09-11T18:27:49","guid":{"rendered":"http:\/\/www.valzor.hr\/?page_id=88"},"modified":"2015-01-20T22:27:13","modified_gmt":"2015-01-20T21:27:13","slug":"obracun-zateznih-kamata","status":"publish","type":"page","link":"https:\/\/www.valzor.hr\/?page_id=88","title":{"rendered":"Javna nabava za EU projekte"},"content":{"rendered":"<p>&nbsp;<\/p>\n<p>EU projekti se provode po na\u010delima javne nabave. Odstupanja od na\u010dela javne nabave rezultiraju obvezom povrata zaprimljenih sredstava. Na\u0161e poduze\u0107e pru\u017ea usluge izrade potrebne dokumentacije i savjetovanja za klijente koji provode EU projekte, a usluge izvr\u0161avaju certificirani specijalisti javne nabave.<\/p>\n<p>&nbsp;<\/p>\n","protected":false},"excerpt":{"rendered":"<p>&nbsp; EU projekti se provode po na\u010delima javne nabave. Odstupanja od na\u010dela javne nabave rezultiraju obvezom povrata zaprimljenih sredstava. Na\u0161e poduze\u0107e pru\u017ea usluge izrade potrebne dokumentacije i savjetovanja za klijente koji provode EU projekte, a usluge izvr\u0161avaju certificirani specijalisti javne nabave. &nbsp;<\/p>\n","protected":false},"author":1,"featured_media":297,"parent":50,"menu_order":0,"comment_status":"closed","ping_status":"open","template":"","meta":{"footnotes":""},"_links":{"self":[{"href":"https:\/\/www.valzor.hr\/index.php?rest_route=\/wp\/v2\/pages\/88"}],"collection":[{"href":"https:\/\/www.valzor.hr\/index.php?rest_route=\/wp\/v2\/pages"}],"about":[{"href":"https:\/\/www.valzor.hr\/index.php?rest_route=\/wp\/v2\/types\/page"}],"author":[{"embeddable":true,"href":"https:\/\/www.valzor.hr\/index.php?rest_route=\/wp\/v2\/users\/1"}],"replies":[{"embeddable":true,"href":"https:\/\/www.valzor.hr\/index.php?rest_route=%2Fwp%2Fv2%2Fcomments&post=88"}],"version-history":[{"count":14,"href":"https:\/\/www.valzor.hr\/index.php?rest_route=\/wp\/v2\/pages\/88\/revisions"}],"predecessor-version":[{"id":571,"href":"https:\/\/www.valzor.hr\/index.php?rest_route=\/wp\/v2\/pages\/88\/revisions\/571"}],"up":[{"embeddable":true,"href":"https:\/\/www.valzor.hr\/index.php?rest_route=\/wp\/v2\/pages\/50"}],"wp:featuredmedia":[{"embeddable":true,"href":"https:\/\/www.valzor.hr\/index.php?rest_route=\/wp\/v2\/media\/297"}],"wp:attachment":[{"href":"https:\/\/www.valzor.hr\/index.php?rest_route=%2Fwp%2Fv2%2Fmedia&parent=88"}],"curies":[{"name":"wp","href":"https:\/\/api.w.org\/{rel}","templated":true}]}}